{"id":945,"date":"2024-02-02T14:59:20","date_gmt":"2024-02-02T14:59:20","guid":{"rendered":"https:\/\/sivab.com\/referencje\/"},"modified":"2026-01-05T10:26:06","modified_gmt":"2026-01-05T10:26:06","slug":"referencje","status":"publish","type":"page","link":"https:\/\/sivab.com\/pl\/referencje\/","title":{"rendered":"Referencje"},"content":{"rendered":"<p>[et_pb_section fb_built=&#8221;1&#8243; custom_padding_last_edited=&#8221;off|desktop&#8221; _builder_version=&#8221;4.24.0&#8243; _module_preset=&#8221;default&#8221; background_color=&#8221;#673C6C&#8221; use_background_color_gradient=&#8221;on&#8221; background_color_gradient_stops=&#8221;rgba(0,0,0,0.4) 0%|rgba(0,0,0,0.4) 100%&#8221; background_color_gradient_overlays_image=&#8221;on&#8221; background_enable_image=&#8221;off&#8221; custom_margin=&#8221;0px||0px||false|false&#8221; custom_padding=&#8221;||||false|false&#8221; custom_padding_tablet=&#8221;185px||180px||false|false&#8221; custom_padding_phone=&#8221;20px||20px||false|false&#8221; global_colors_info=&#8221;{}&#8221;][et_pb_row module_class=&#8221;applian-r-2-inlbtn-sc&#8221; _builder_version=&#8221;4.21.2&#8243; _module_preset=&#8221;default&#8221; width=&#8221;90%&#8221; max_width=&#8221;1110px&#8221; custom_margin=&#8221;0px||0px||false|false&#8221; custom_padding=&#8221;0px||0px||false|false&#8221; animation_style=&#8221;fade&#8221; animation_speed_curve=&#8221;ease&#8221; global_colors_info=&#8221;{}&#8221;][et_pb_column type=&#8221;4_4&#8243; _builder_version=&#8221;4.21.2&#8243; _module_preset=&#8221;default&#8221; global_colors_info=&#8221;{}&#8221;][et_pb_text _builder_version=&#8221;4.24.0&#8243; _dynamic_attributes=&#8221;content&#8221; _module_preset=&#8221;default&#8221; text_font=&#8221;|700|||||||&#8221; text_font_size=&#8221;46px&#8221; background_layout=&#8221;dark&#8221; text_font_size_tablet=&#8221;46px&#8221; text_font_size_phone=&#8221;30px&#8221; text_font_size_last_edited=&#8221;on|phone&#8221; global_colors_info=&#8221;{}&#8221;]@ET-DC@eyJkeW5hbWljIjp0cnVlLCJjb250ZW50IjoicG9zdF90aXRsZSIsInNldHRpbmdzIjp7ImJlZm9yZSI6IiIsImFmdGVyIjoiIn19@[\/et_pb_text][\/et_pb_column][\/et_pb_row][\/et_pb_section][et_pb_section fb_built=&#8221;1&#8243; custom_padding_last_edited=&#8221;off|phone&#8221; _builder_version=&#8221;4.24.0&#8243; _module_preset=&#8221;default&#8221; custom_margin=&#8221;||||false|false&#8221; custom_padding=&#8221;||||false|false&#8221; custom_padding_tablet=&#8221;||0px||false|false&#8221; custom_padding_phone=&#8221;||0px||false|false&#8221; global_colors_info=&#8221;{}&#8221;][et_pb_row _builder_version=&#8221;4.24.0&#8243; _module_preset=&#8221;default&#8221; global_colors_info=&#8221;{}&#8221;][et_pb_column type=&#8221;4_4&#8243; _builder_version=&#8221;4.24.0&#8243; _module_preset=&#8221;default&#8221; global_colors_info=&#8221;{}&#8221;][et_pb_gallery gallery_ids=&#8221;919,920,921,922,923,924,925,926,927,928,929,930,931,932,933,934,935,936,937,938,939,940,941&#8243; posts_number=&#8221;100&#8243; show_title_and_caption=&#8221;off&#8221; show_pagination=&#8221;off&#8221; _builder_version=&#8221;4.27.4&#8243; _module_preset=&#8221;default&#8221; hover_enabled=&#8221;0&#8243; custom_css_gallery_item=&#8221;width: 16% !important;||margin: 20px !important;||clear: none !important;&#8221; custom_css_overlay=&#8221;display:none;&#8221; global_colors_info=&#8221;{}&#8221; custom_css_gallery_item_last_edited=&#8221;on|phone&#8221; custom_css_gallery_item_phone=&#8221;width: 25% !important;||margin: 10px !important;||clear: none !important;&#8221; custom_css_gallery_item_tablet=&#8221;width: 16% !important;||margin: 20px !important;||clear: none !important;&#8221; sticky_enabled=&#8221;0&#8243;][\/et_pb_gallery][\/et_pb_column][\/et_pb_row][et_pb_row column_structure=&#8221;3_4,1_4&#8243; use_custom_gutter=&#8221;on&#8221; gutter_width=&#8221;1&#8243; make_equal=&#8221;on&#8221; _builder_version=&#8221;4.24.0&#8243; _module_preset=&#8221;default&#8221; z_index=&#8221;83&#8243; width=&#8221;90%&#8221; max_width=&#8221;1110px&#8221; custom_margin=&#8221;||||false|false&#8221; custom_padding=&#8221;||||false|false&#8221; animation_style=&#8221;zoom&#8221; animation_direction=&#8221;bottom&#8221; animation_duration=&#8221;700ms&#8221; animation_delay=&#8221;500ms&#8221; animation_speed_curve=&#8221;ease&#8221; border_radii=&#8221;on|10px|10px|10px|10px&#8221; box_shadow_style=&#8221;preset1&#8243; box_shadow_vertical=&#8221;0px&#8221; box_shadow_blur=&#8221;50px&#8221; box_shadow_color=&#8221;rgba(0,0,0,0.09)&#8221; global_colors_info=&#8221;{}&#8221;][et_pb_column type=&#8221;3_4&#8243; _builder_version=&#8221;4.21.2&#8243; _module_preset=&#8221;default&#8221; background_image=&#8221;https:\/\/sivab.com\/wp-content\/uploads\/2024\/01\/appliance-repair-2-vre-12.jpg&#8221; background_position=&#8221;center_left&#8221; custom_padding=&#8221;75px|50px|54px|50px|false|false&#8221; custom_padding_tablet=&#8221;75px|50px|54px|50px|false|false&#8221; custom_padding_phone=&#8221;65px|40px|54px|40px|false|false&#8221; custom_padding_last_edited=&#8221;on|phone&#8221; global_colors_info=&#8221;{}&#8221;][et_pb_blurb title=&#8221;Skontaktuj si\u0119 z naszymi ekspertami ju\u017c dzi\u015b&#8221; image=&#8221;https:\/\/sivab.com\/wp-content\/uploads\/2024\/01\/appliance-repair-2-vre-3.png&#8221; icon_placement=&#8221;left&#8221; image_icon_width=&#8221;49px&#8221; content_max_width=&#8221;100%&#8221; _builder_version=&#8221;4.24.0&#8243; _module_preset=&#8221;default&#8221; header_font=&#8221;Roboto Flex||||||||&#8221; header_text_align=&#8221;left&#8221; header_text_color=&#8221;#222631&#8243; header_font_size=&#8221;27px&#8221; header_line_height=&#8221;1.5em&#8221; body_font=&#8221;Poppins|700|||||||&#8221; body_text_align=&#8221;left&#8221; body_text_color=&#8221;#673C6C&#8221; body_font_size=&#8221;23px&#8221; body_line_height=&#8221;1.5em&#8221; image_icon_custom_margin=&#8221;0px|5px|0px|0px|false|false&#8221; image_icon_custom_padding=&#8221;0px||0px||false|false&#8221; custom_margin=&#8221;0px||0px||false|false&#8221; custom_padding=&#8221;0px||0px||false|false&#8221; animation=&#8221;off&#8221; header_font_size_tablet=&#8221;27px&#8221; header_font_size_phone=&#8221;23px&#8221; header_font_size_last_edited=&#8221;on|phone&#8221; body_font_size_tablet=&#8221;23px&#8221; body_font_size_phone=&#8221;20px&#8221; body_font_size_last_edited=&#8221;on|phone&#8221; custom_css_blurb_title=&#8221;margin-bottom:-1px;||margin-top:-12px;&#8221; custom_css_blurb_content=&#8221;margin:0px;&#8221; global_colors_info=&#8221;{}&#8221;]<\/p>\n<p>Zadzwo\u0144 pod numerRing! +46 (0)36-39 66 80<\/p>\n<p>[\/et_pb_blurb][\/et_pb_column][et_pb_column type=&#8221;1_4&#8243; disabled_on=&#8221;on|on|off&#8221; _builder_version=&#8221;4.24.0&#8243; _module_preset=&#8221;default&#8221; background_image=&#8221;https:\/\/sivab.com\/wp-content\/uploads\/2024\/02\/sivab_ring_eye.webp&#8221; custom_padding_tablet=&#8221;240px||240px||false|false&#8221; custom_padding_phone=&#8221;120px||120px||false|false&#8221; custom_padding_last_edited=&#8221;on|phone&#8221; global_colors_info=&#8221;{}&#8221;][\/et_pb_column][\/et_pb_row][\/et_pb_section][et_pb_section fb_built=&#8221;1&#8243; _builder_version=&#8221;4.24.0&#8243; _module_preset=&#8221;default&#8221; background_color=&#8221;#673C6C&#8221; global_colors_info=&#8221;{}&#8221;][et_pb_row _builder_version=&#8221;4.24.0&#8243; _module_preset=&#8221;default&#8221; global_colors_info=&#8221;{}&#8221;][et_pb_column type=&#8221;4_4&#8243; _builder_version=&#8221;4.24.0&#8243; _module_preset=&#8221;default&#8221; global_colors_info=&#8221;{}&#8221;][et_pb_text _builder_version=&#8221;4.24.0&#8243; _module_preset=&#8221;default&#8221; text_font_size=&#8221;16px&#8221; header_4_font_size=&#8221;22px&#8221; header_4_line_height=&#8221;1.3em&#8221; text_orientation=&#8221;center&#8221; background_layout=&#8221;dark&#8221; global_colors_info=&#8221;{}&#8221;]<\/p>\n<h4>Zawsze mamy kilka ekscytuj\u0105cych projekt\u00f3w w produkcji. W 2016 roku otworzyli\u015bmy nasz\u0105 now\u0105 siedzib\u0119 w Forserum, na po\u0142udnie od J\u00f6nk\u00f6ping, gdzie mamy zasoby, aby sprosta\u0107 wysokim wymaganiom dotycz\u0105cym jako\u015bci i niezawodno\u015bci dostaw. <\/h4>\n<p>Kompletna oferta Sivab oznacza, \u017ce jeste\u015bmy zaanga\u017cowani we wszystko, od pomys\u0142u po projekt i produkcj\u0119, a\u017c po przetestowan\u0105 form\u0119 w przeznaczonej do tego maszynie. Umo\u017cliwi\u0142o to presti\u017cowe dostawy do najbardziej wymagaj\u0105cych klient\u00f3w na rynku. Obecnie nasze narz\u0119dzia s\u0105 wykorzystywane w prasach, kt\u00f3re zaopatruj\u0105 kilka wiod\u0105cych na rynku du\u017cych firm w zaawansowane produkty, na przyk\u0142ad w bran\u017cy motoryzacyjnej, meblarskiej i AGD. Tolerancje s\u0105 niezwykle ma\u0142e, a niezawodno\u015b\u0107 ma kluczowe znaczenie. Nie b\u0105d\u017a wi\u0119c zaskoczony, gdy zobaczysz nasze fioletowe narz\u0119dzia podczas pracy.    <\/p>\n<p>[\/et_pb_text][\/et_pb_column][\/et_pb_row][\/et_pb_section]<\/p>\n","protected":false},"excerpt":{"rendered":"<p>Zadzwo\u0144 pod numerRing! +46 (0)36-39 66 80Zawsze mamy kilka ekscytuj\u0105cych projekt\u00f3w w produkcji. W 2016 roku otworzyli\u015bmy nasz\u0105 now\u0105 siedzib\u0119 w Forserum, na po\u0142udnie od J\u00f6nk\u00f6ping, gdzie mamy zasoby, aby sprosta\u0107 wysokim wymaganiom dotycz\u0105cym jako\u015bci i niezawodno\u015bci dostaw. Kompletna oferta Sivab oznacza, \u017ce jeste\u015bmy zaanga\u017cowani we wszystko, od pomys\u0142u po projekt i produkcj\u0119, a\u017c po [&hellip;]<\/p>\n","protected":false},"author":1,"featured_media":0,"parent":0,"menu_order":0,"comment_status":"closed","ping_status":"closed","template":"","meta":{"_et_pb_use_builder":"on","_et_pb_old_content":"","_et_gb_content_width":"","footnotes":""},"class_list":["post-945","page","type-page","status-publish","hentry"],"yoast_head":"<!-- This site is optimized with the Yoast SEO plugin v26.8 - https:\/\/yoast.com\/product\/yoast-seo-wordpress\/ -->\n<title>Referencje - SIVAB<\/title>\n<meta name=\"robots\" content=\"index, follow, max-snippet:-1, max-image-preview:large, max-video-preview:-1\" \/>\n<link rel=\"canonical\" href=\"https:\/\/sivab.com\/pl\/referencje\/\" \/>\n<meta property=\"og:locale\" content=\"pl_PL\" \/>\n<meta property=\"og:type\" content=\"article\" \/>\n<meta property=\"og:title\" content=\"Referencje - SIVAB\" \/>\n<meta property=\"og:description\" content=\"Zadzwo\u0144 pod numerRing! +46 (0)36-39 66 80Zawsze mamy kilka ekscytuj\u0105cych projekt\u00f3w w produkcji. W 2016 roku otworzyli\u015bmy nasz\u0105 now\u0105 siedzib\u0119 w Forserum, na po\u0142udnie od J\u00f6nk\u00f6ping, gdzie mamy zasoby, aby sprosta\u0107 wysokim wymaganiom dotycz\u0105cym jako\u015bci i niezawodno\u015bci dostaw. Kompletna oferta Sivab oznacza, \u017ce jeste\u015bmy zaanga\u017cowani we wszystko, od pomys\u0142u po projekt i produkcj\u0119, a\u017c po [&hellip;]\" \/>\n<meta property=\"og:url\" content=\"https:\/\/sivab.com\/pl\/referencje\/\" \/>\n<meta property=\"og:site_name\" content=\"SIVAB\" \/>\n<meta property=\"article:modified_time\" content=\"2026-01-05T10:26:06+00:00\" \/>\n<meta name=\"twitter:card\" content=\"summary_large_image\" \/>\n<meta name=\"twitter:label1\" content=\"Szacowany czas czytania\" \/>\n\t<meta name=\"twitter:data1\" content=\"5 minut\" \/>\n<script type=\"application\/ld+json\" class=\"yoast-schema-graph\">{\"@context\":\"https:\/\/schema.org\",\"@graph\":[{\"@type\":\"WebPage\",\"@id\":\"https:\/\/sivab.com\/pl\/referencje\/\",\"url\":\"https:\/\/sivab.com\/pl\/referencje\/\",\"name\":\"Referencje - SIVAB\",\"isPartOf\":{\"@id\":\"https:\/\/sivab.com\/pl\/#website\"},\"datePublished\":\"2024-02-02T14:59:20+00:00\",\"dateModified\":\"2026-01-05T10:26:06+00:00\",\"breadcrumb\":{\"@id\":\"https:\/\/sivab.com\/pl\/referencje\/#breadcrumb\"},\"inLanguage\":\"pl-PL\",\"potentialAction\":[{\"@type\":\"ReadAction\",\"target\":[\"https:\/\/sivab.com\/pl\/referencje\/\"]}]},{\"@type\":\"BreadcrumbList\",\"@id\":\"https:\/\/sivab.com\/pl\/referencje\/#breadcrumb\",\"itemListElement\":[{\"@type\":\"ListItem\",\"position\":1,\"name\":\"Hem\",\"item\":\"https:\/\/sivab.com\/pl\/\"},{\"@type\":\"ListItem\",\"position\":2,\"name\":\"Referencje\"}]},{\"@type\":\"WebSite\",\"@id\":\"https:\/\/sivab.com\/pl\/#website\",\"url\":\"https:\/\/sivab.com\/pl\/\",\"name\":\"SIVAB\",\"description\":\"Hundra \u00e5rs samlad erfarenhet av verktygstillverkning\",\"potentialAction\":[{\"@type\":\"SearchAction\",\"target\":{\"@type\":\"EntryPoint\",\"urlTemplate\":\"https:\/\/sivab.com\/pl\/?s={search_term_string}\"},\"query-input\":{\"@type\":\"PropertyValueSpecification\",\"valueRequired\":true,\"valueName\":\"search_term_string\"}}],\"inLanguage\":\"pl-PL\"}]}<\/script>\n<!-- \/ Yoast SEO plugin. -->","yoast_head_json":{"title":"Referencje - SIVAB","robots":{"index":"index","follow":"follow","max-snippet":"max-snippet:-1","max-image-preview":"max-image-preview:large","max-video-preview":"max-video-preview:-1"},"canonical":"https:\/\/sivab.com\/pl\/referencje\/","og_locale":"pl_PL","og_type":"article","og_title":"Referencje - SIVAB","og_description":"Zadzwo\u0144 pod numerRing! +46 (0)36-39 66 80Zawsze mamy kilka ekscytuj\u0105cych projekt\u00f3w w produkcji. W 2016 roku otworzyli\u015bmy nasz\u0105 now\u0105 siedzib\u0119 w Forserum, na po\u0142udnie od J\u00f6nk\u00f6ping, gdzie mamy zasoby, aby sprosta\u0107 wysokim wymaganiom dotycz\u0105cym jako\u015bci i niezawodno\u015bci dostaw. Kompletna oferta Sivab oznacza, \u017ce jeste\u015bmy zaanga\u017cowani we wszystko, od pomys\u0142u po projekt i produkcj\u0119, a\u017c po [&hellip;]","og_url":"https:\/\/sivab.com\/pl\/referencje\/","og_site_name":"SIVAB","article_modified_time":"2026-01-05T10:26:06+00:00","twitter_card":"summary_large_image","twitter_misc":{"Szacowany czas czytania":"5 minut"},"schema":{"@context":"https:\/\/schema.org","@graph":[{"@type":"WebPage","@id":"https:\/\/sivab.com\/pl\/referencje\/","url":"https:\/\/sivab.com\/pl\/referencje\/","name":"Referencje - SIVAB","isPartOf":{"@id":"https:\/\/sivab.com\/pl\/#website"},"datePublished":"2024-02-02T14:59:20+00:00","dateModified":"2026-01-05T10:26:06+00:00","breadcrumb":{"@id":"https:\/\/sivab.com\/pl\/referencje\/#breadcrumb"},"inLanguage":"pl-PL","potentialAction":[{"@type":"ReadAction","target":["https:\/\/sivab.com\/pl\/referencje\/"]}]},{"@type":"BreadcrumbList","@id":"https:\/\/sivab.com\/pl\/referencje\/#breadcrumb","itemListElement":[{"@type":"ListItem","position":1,"name":"Hem","item":"https:\/\/sivab.com\/pl\/"},{"@type":"ListItem","position":2,"name":"Referencje"}]},{"@type":"WebSite","@id":"https:\/\/sivab.com\/pl\/#website","url":"https:\/\/sivab.com\/pl\/","name":"SIVAB","description":"Hundra \u00e5rs samlad erfarenhet av verktygstillverkning","potentialAction":[{"@type":"SearchAction","target":{"@type":"EntryPoint","urlTemplate":"https:\/\/sivab.com\/pl\/?s={search_term_string}"},"query-input":{"@type":"PropertyValueSpecification","valueRequired":true,"valueName":"search_term_string"}}],"inLanguage":"pl-PL"}]}},"_links":{"self":[{"href":"https:\/\/sivab.com\/pl\/wp-json\/wp\/v2\/pages\/945","targetHints":{"allow":["GET"]}}],"collection":[{"href":"https:\/\/sivab.com\/pl\/wp-json\/wp\/v2\/pages"}],"about":[{"href":"https:\/\/sivab.com\/pl\/wp-json\/wp\/v2\/types\/page"}],"author":[{"embeddable":true,"href":"https:\/\/sivab.com\/pl\/wp-json\/wp\/v2\/users\/1"}],"replies":[{"embeddable":true,"href":"https:\/\/sivab.com\/pl\/wp-json\/wp\/v2\/comments?post=945"}],"version-history":[{"count":3,"href":"https:\/\/sivab.com\/pl\/wp-json\/wp\/v2\/pages\/945\/revisions"}],"predecessor-version":[{"id":948,"href":"https:\/\/sivab.com\/pl\/wp-json\/wp\/v2\/pages\/945\/revisions\/948"}],"wp:attachment":[{"href":"https:\/\/sivab.com\/pl\/wp-json\/wp\/v2\/media?parent=945"}],"curies":[{"name":"wp","href":"https:\/\/api.w.org\/{rel}","templated":true}]}}