{"id":911,"date":"2024-02-02T14:59:20","date_gmt":"2024-02-02T14:59:20","guid":{"rendered":"https:\/\/sivab.com\/referenzen\/"},"modified":"2026-01-05T10:24:36","modified_gmt":"2026-01-05T10:24:36","slug":"referenzen","status":"publish","type":"page","link":"https:\/\/sivab.com\/de\/referenzen\/","title":{"rendered":"Referenzen"},"content":{"rendered":"<p>[et_pb_section fb_built=&#8220;1&#8243; custom_padding_last_edited=&#8220;off|desktop&#8220; _builder_version=&#8220;4.24.0&#8243; _module_preset=&#8220;default&#8220; background_color=&#8220;#673C6C&#8220; use_background_color_gradient=&#8220;on&#8220; background_color_gradient_stops=&#8220;rgba(0,0,0,0.4) 0%|rgba(0,0,0,0.4) 100%&#8220; background_color_gradient_overlays_image=&#8220;on&#8220; background_enable_image=&#8220;off&#8220; custom_margin=&#8220;0px||0px||false|false&#8220; custom_padding=&#8220;||||false|false&#8220; custom_padding_tablet=&#8220;185px||180px||false|false&#8220; custom_padding_phone=&#8220;20px||20px||false|false&#8220; global_colors_info=&#8220;{}&#8220;][et_pb_row module_class=&#8220;applian-r-2-inlbtn-sc&#8220; _builder_version=&#8220;4.21.2&#8243; _module_preset=&#8220;default&#8220; width=&#8220;90%&#8220; max_width=&#8220;1110px&#8220; custom_margin=&#8220;0px||0px||false|false&#8220; custom_padding=&#8220;0px||0px||false|false&#8220; animation_style=&#8220;fade&#8220; animation_speed_curve=&#8220;ease&#8220; global_colors_info=&#8220;{}&#8220;][et_pb_column type=&#8220;4_4&#8243; _builder_version=&#8220;4.21.2&#8243; _module_preset=&#8220;default&#8220; global_colors_info=&#8220;{}&#8220;][et_pb_text _builder_version=&#8220;4.24.0&#8243; _dynamic_attributes=&#8220;content&#8220; _module_preset=&#8220;default&#8220; text_font=&#8220;|700|||||||&#8220; text_font_size=&#8220;46px&#8220; background_layout=&#8220;dark&#8220; text_font_size_tablet=&#8220;46px&#8220; text_font_size_phone=&#8220;30px&#8220; text_font_size_last_edited=&#8220;on|phone&#8220; global_colors_info=&#8220;{}&#8220;]@ET-DC@eyJkeW5hbWljIjp0cnVlLCJjb250ZW50IjoicG9zdF90aXRsZSIsInNldHRpbmdzIjp7ImJlZm9yZSI6IiIsImFmdGVyIjoiIn19@[\/et_pb_text][\/et_pb_column][\/et_pb_row][\/et_pb_section][et_pb_section fb_built=&#8220;1&#8243; custom_padding_last_edited=&#8220;off|phone&#8220; _builder_version=&#8220;4.24.0&#8243; _module_preset=&#8220;default&#8220; custom_margin=&#8220;||||false|false&#8220; custom_padding=&#8220;||||false|false&#8220; custom_padding_tablet=&#8220;||0px||false|false&#8220; custom_padding_phone=&#8220;||0px||false|false&#8220; global_colors_info=&#8220;{}&#8220;][et_pb_row _builder_version=&#8220;4.24.0&#8243; _module_preset=&#8220;default&#8220; global_colors_info=&#8220;{}&#8220;][et_pb_column type=&#8220;4_4&#8243; _builder_version=&#8220;4.24.0&#8243; _module_preset=&#8220;default&#8220; global_colors_info=&#8220;{}&#8220;][et_pb_gallery gallery_ids=&#8220;885,886,887,888,889,890,891,892,893,894,895,896,897,898,899,900,901,902,903,904,905,906,907&#8243; posts_number=&#8220;100&#8243; show_title_and_caption=&#8220;off&#8220; show_pagination=&#8220;off&#8220; _builder_version=&#8220;4.27.4&#8243; _module_preset=&#8220;default&#8220; hover_enabled=&#8220;0&#8243; custom_css_gallery_item=&#8220;width: 16% !important;||margin: 20px !important;||clear: none !important;&#8220; custom_css_overlay=&#8220;display:none;&#8220; global_colors_info=&#8220;{}&#8220; custom_css_gallery_item_last_edited=&#8220;on|phone&#8220; custom_css_gallery_item_phone=&#8220;width: 25% !important;||margin: 10px !important;||clear: none !important;&#8220; custom_css_gallery_item_tablet=&#8220;width: 16% !important;||margin: 20px !important;||clear: none !important;&#8220; sticky_enabled=&#8220;0&#8243;][\/et_pb_gallery][\/et_pb_column][\/et_pb_row][et_pb_row column_structure=&#8220;3_4,1_4&#8243; use_custom_gutter=&#8220;on&#8220; gutter_width=&#8220;1&#8243; make_equal=&#8220;on&#8220; _builder_version=&#8220;4.24.0&#8243; _module_preset=&#8220;default&#8220; z_index=&#8220;83&#8243; width=&#8220;90%&#8220; max_width=&#8220;1110px&#8220; custom_margin=&#8220;||||false|false&#8220; custom_padding=&#8220;||||false|false&#8220; animation_style=&#8220;zoom&#8220; animation_direction=&#8220;bottom&#8220; animation_duration=&#8220;700ms&#8220; animation_delay=&#8220;500ms&#8220; animation_speed_curve=&#8220;ease&#8220; border_radii=&#8220;on|10px|10px|10px|10px&#8220; box_shadow_style=&#8220;preset1&#8243; box_shadow_vertical=&#8220;0px&#8220; box_shadow_blur=&#8220;50px&#8220; box_shadow_color=&#8220;rgba(0,0,0,0.09)&#8220; global_colors_info=&#8220;{}&#8220;][et_pb_column type=&#8220;3_4&#8243; _builder_version=&#8220;4.21.2&#8243; _module_preset=&#8220;default&#8220; background_image=&#8220;https:\/\/sivab.com\/wp-content\/uploads\/2024\/01\/appliance-repair-2-vre-12.jpg&#8220; background_position=&#8220;center_left&#8220; custom_padding=&#8220;75px|50px|54px|50px|false|false&#8220; custom_padding_tablet=&#8220;75px|50px|54px|50px|false|false&#8220; custom_padding_phone=&#8220;65px|40px|54px|40px|false|false&#8220; custom_padding_last_edited=&#8220;on|phone&#8220; global_colors_info=&#8220;{}&#8220;][et_pb_blurb title=&#8220;Nehmen Sie noch heute Kontakt mit unseren Experten auf&#8220; image=&#8220;https:\/\/sivab.com\/wp-content\/uploads\/2024\/01\/appliance-repair-2-vre-3.png&#8220; icon_placement=&#8220;left&#8220; image_icon_width=&#8220;49px&#8220; content_max_width=&#8220;100%&#8220; _builder_version=&#8220;4.24.0&#8243; _module_preset=&#8220;default&#8220; header_font=&#8220;Roboto Flex||||||||&#8220; header_text_align=&#8220;left&#8220; header_text_color=&#8220;#222631&#8243; header_font_size=&#8220;27px&#8220; header_line_height=&#8220;1.5em&#8220; body_font=&#8220;Poppins|700|||||||&#8220; body_text_align=&#8220;left&#8220; body_text_color=&#8220;#673C6C&#8220; body_font_size=&#8220;23px&#8220; body_line_height=&#8220;1.5em&#8220; image_icon_custom_margin=&#8220;0px|5px|0px|0px|false|false&#8220; image_icon_custom_padding=&#8220;0px||0px||false|false&#8220; custom_margin=&#8220;0px||0px||false|false&#8220; custom_padding=&#8220;0px||0px||false|false&#8220; animation=&#8220;off&#8220; header_font_size_tablet=&#8220;27px&#8220; header_font_size_phone=&#8220;23px&#8220; header_font_size_last_edited=&#8220;on|phone&#8220; body_font_size_tablet=&#8220;23px&#8220; body_font_size_phone=&#8220;20px&#8220; body_font_size_last_edited=&#8220;on|phone&#8220; custom_css_blurb_title=&#8220;margin-bottom:-1px;||margin-top:-12px;&#8220; custom_css_blurb_content=&#8220;margin:0px;&#8220; global_colors_info=&#8220;{}&#8220;]<\/p>\n<p>Anrufen! +46 (0)36-39 66 80<\/p>\n<p>[\/et_pb_blurb][\/et_pb_column][et_pb_column type=&#8220;1_4&#8243; disabled_on=&#8220;on|on|off&#8220; _builder_version=&#8220;4.24.0&#8243; _module_preset=&#8220;default&#8220; background_image=&#8220;https:\/\/sivab.com\/wp-content\/uploads\/2024\/02\/sivab_ring_eye.webp&#8220; custom_padding_tablet=&#8220;240px||240px||false|false&#8220; custom_padding_phone=&#8220;120px||120px||false|false&#8220; custom_padding_last_edited=&#8220;on|phone&#8220; global_colors_info=&#8220;{}&#8220;][\/et_pb_column][\/et_pb_row][\/et_pb_section][et_pb_section fb_built=&#8220;1&#8243; _builder_version=&#8220;4.24.0&#8243; _module_preset=&#8220;default&#8220; background_color=&#8220;#673C6C&#8220; global_colors_info=&#8220;{}&#8220;][et_pb_row _builder_version=&#8220;4.24.0&#8243; _module_preset=&#8220;default&#8220; global_colors_info=&#8220;{}&#8220;][et_pb_column type=&#8220;4_4&#8243; _builder_version=&#8220;4.24.0&#8243; _module_preset=&#8220;default&#8220; global_colors_info=&#8220;{}&#8220;][et_pb_text _builder_version=&#8220;4.24.0&#8243; _module_preset=&#8220;default&#8220; text_font_size=&#8220;16px&#8220; header_4_font_size=&#8220;22px&#8220; header_4_line_height=&#8220;1.3em&#8220; text_orientation=&#8220;center&#8220; background_layout=&#8220;dark&#8220; global_colors_info=&#8220;{}&#8220;]<\/p>\n<h4>Wir haben st\u00e4ndig interessante Projekte in unserer Fertigung. Unsere neue Fertigungsanlage in Forserum, s\u00fcdlich von J\u00f6nk\u00f6ping, verf\u00fcgt \u00fcber die notwendigen Ressourcen, um den hohen Anspr\u00fcchen an Qualit\u00e4t und Liefertreue gerecht zu werden. <\/h4>\n<p>Das Komplettangebot von Sivab schlie\u00dft ein, dass wir vom Entwurf \u00fcber Konstruktion und Produktion, bis hin zum Test der Stanzwerkzeugs im eingebauten Zustand, an allen Schritten beteiligt sind. Damit waren uns schon angesehene Lieferungen an die anspruchsvollsten Kunden m\u00f6glich. Unsere Werkzeuge kommen heute in Stanzen zum Einsatz, die mehrere Gro\u00dfunternehmen mit hochtechnischen Produkten versorgen wie z.B. die Automobil-, die M\u00f6bel- und die Haushaltger\u00e4teindustrie. Die Toleranzen sind sehr klein und die Betriebssicherheit ist ein entscheidender Faktor. Wundern Sie sich daher nicht, wenn Sie unsere lila Stanzwerkzeuge im Einsatz sehen.    <\/p>\n<p>[\/et_pb_text][\/et_pb_column][\/et_pb_row][\/et_pb_section]<\/p>\n","protected":false},"excerpt":{"rendered":"<p>Anrufen! +46 (0)36-39 66 80Wir haben st\u00e4ndig interessante Projekte in unserer Fertigung. Unsere neue Fertigungsanlage in Forserum, s\u00fcdlich von J\u00f6nk\u00f6ping, verf\u00fcgt \u00fcber die notwendigen Ressourcen, um den hohen Anspr\u00fcchen an Qualit\u00e4t und Liefertreue gerecht zu werden. Das Komplettangebot von Sivab schlie\u00dft ein, dass wir vom Entwurf \u00fcber Konstruktion und Produktion, bis hin zum Test der [&hellip;]<\/p>\n","protected":false},"author":1,"featured_media":0,"parent":0,"menu_order":0,"comment_status":"closed","ping_status":"closed","template":"","meta":{"_et_pb_use_builder":"on","_et_pb_old_content":"","_et_gb_content_width":"","footnotes":""},"class_list":["post-911","page","type-page","status-publish","hentry"],"yoast_head":"<!-- This site is optimized with the Yoast SEO plugin v26.8 - https:\/\/yoast.com\/product\/yoast-seo-wordpress\/ -->\n<title>Referenzen - SIVAB<\/title>\n<meta name=\"robots\" content=\"index, follow, max-snippet:-1, max-image-preview:large, max-video-preview:-1\" \/>\n<link rel=\"canonical\" href=\"https:\/\/sivab.com\/de\/referenzen\/\" \/>\n<meta property=\"og:locale\" content=\"de_DE\" \/>\n<meta property=\"og:type\" content=\"article\" \/>\n<meta property=\"og:title\" content=\"Referenzen - SIVAB\" \/>\n<meta property=\"og:description\" content=\"Anrufen! +46 (0)36-39 66 80Wir haben st\u00e4ndig interessante Projekte in unserer Fertigung. Unsere neue Fertigungsanlage in Forserum, s\u00fcdlich von J\u00f6nk\u00f6ping, verf\u00fcgt \u00fcber die notwendigen Ressourcen, um den hohen Anspr\u00fcchen an Qualit\u00e4t und Liefertreue gerecht zu werden. Das Komplettangebot von Sivab schlie\u00dft ein, dass wir vom Entwurf \u00fcber Konstruktion und Produktion, bis hin zum Test der [&hellip;]\" \/>\n<meta property=\"og:url\" content=\"https:\/\/sivab.com\/de\/referenzen\/\" \/>\n<meta property=\"og:site_name\" content=\"SIVAB\" \/>\n<meta property=\"article:modified_time\" content=\"2026-01-05T10:24:36+00:00\" \/>\n<meta name=\"twitter:card\" content=\"summary_large_image\" \/>\n<meta name=\"twitter:label1\" content=\"Gesch\u00e4tzte Lesezeit\" \/>\n\t<meta name=\"twitter:data1\" content=\"5\u00a0Minuten\" \/>\n<script type=\"application\/ld+json\" class=\"yoast-schema-graph\">{\"@context\":\"https:\/\/schema.org\",\"@graph\":[{\"@type\":\"WebPage\",\"@id\":\"https:\/\/sivab.com\/de\/referenzen\/\",\"url\":\"https:\/\/sivab.com\/de\/referenzen\/\",\"name\":\"Referenzen - SIVAB\",\"isPartOf\":{\"@id\":\"https:\/\/sivab.com\/de\/#website\"},\"datePublished\":\"2024-02-02T14:59:20+00:00\",\"dateModified\":\"2026-01-05T10:24:36+00:00\",\"breadcrumb\":{\"@id\":\"https:\/\/sivab.com\/de\/referenzen\/#breadcrumb\"},\"inLanguage\":\"de\",\"potentialAction\":[{\"@type\":\"ReadAction\",\"target\":[\"https:\/\/sivab.com\/de\/referenzen\/\"]}]},{\"@type\":\"BreadcrumbList\",\"@id\":\"https:\/\/sivab.com\/de\/referenzen\/#breadcrumb\",\"itemListElement\":[{\"@type\":\"ListItem\",\"position\":1,\"name\":\"Hem\",\"item\":\"https:\/\/sivab.com\/de\/\"},{\"@type\":\"ListItem\",\"position\":2,\"name\":\"Referenzen\"}]},{\"@type\":\"WebSite\",\"@id\":\"https:\/\/sivab.com\/de\/#website\",\"url\":\"https:\/\/sivab.com\/de\/\",\"name\":\"SIVAB\",\"description\":\"Hundra \u00e5rs samlad erfarenhet av verktygstillverkning\",\"potentialAction\":[{\"@type\":\"SearchAction\",\"target\":{\"@type\":\"EntryPoint\",\"urlTemplate\":\"https:\/\/sivab.com\/de\/?s={search_term_string}\"},\"query-input\":{\"@type\":\"PropertyValueSpecification\",\"valueRequired\":true,\"valueName\":\"search_term_string\"}}],\"inLanguage\":\"de\"}]}<\/script>\n<!-- \/ Yoast SEO plugin. -->","yoast_head_json":{"title":"Referenzen - SIVAB","robots":{"index":"index","follow":"follow","max-snippet":"max-snippet:-1","max-image-preview":"max-image-preview:large","max-video-preview":"max-video-preview:-1"},"canonical":"https:\/\/sivab.com\/de\/referenzen\/","og_locale":"de_DE","og_type":"article","og_title":"Referenzen - SIVAB","og_description":"Anrufen! +46 (0)36-39 66 80Wir haben st\u00e4ndig interessante Projekte in unserer Fertigung. Unsere neue Fertigungsanlage in Forserum, s\u00fcdlich von J\u00f6nk\u00f6ping, verf\u00fcgt \u00fcber die notwendigen Ressourcen, um den hohen Anspr\u00fcchen an Qualit\u00e4t und Liefertreue gerecht zu werden. Das Komplettangebot von Sivab schlie\u00dft ein, dass wir vom Entwurf \u00fcber Konstruktion und Produktion, bis hin zum Test der [&hellip;]","og_url":"https:\/\/sivab.com\/de\/referenzen\/","og_site_name":"SIVAB","article_modified_time":"2026-01-05T10:24:36+00:00","twitter_card":"summary_large_image","twitter_misc":{"Gesch\u00e4tzte Lesezeit":"5\u00a0Minuten"},"schema":{"@context":"https:\/\/schema.org","@graph":[{"@type":"WebPage","@id":"https:\/\/sivab.com\/de\/referenzen\/","url":"https:\/\/sivab.com\/de\/referenzen\/","name":"Referenzen - SIVAB","isPartOf":{"@id":"https:\/\/sivab.com\/de\/#website"},"datePublished":"2024-02-02T14:59:20+00:00","dateModified":"2026-01-05T10:24:36+00:00","breadcrumb":{"@id":"https:\/\/sivab.com\/de\/referenzen\/#breadcrumb"},"inLanguage":"de","potentialAction":[{"@type":"ReadAction","target":["https:\/\/sivab.com\/de\/referenzen\/"]}]},{"@type":"BreadcrumbList","@id":"https:\/\/sivab.com\/de\/referenzen\/#breadcrumb","itemListElement":[{"@type":"ListItem","position":1,"name":"Hem","item":"https:\/\/sivab.com\/de\/"},{"@type":"ListItem","position":2,"name":"Referenzen"}]},{"@type":"WebSite","@id":"https:\/\/sivab.com\/de\/#website","url":"https:\/\/sivab.com\/de\/","name":"SIVAB","description":"Hundra \u00e5rs samlad erfarenhet av verktygstillverkning","potentialAction":[{"@type":"SearchAction","target":{"@type":"EntryPoint","urlTemplate":"https:\/\/sivab.com\/de\/?s={search_term_string}"},"query-input":{"@type":"PropertyValueSpecification","valueRequired":true,"valueName":"search_term_string"}}],"inLanguage":"de"}]}},"_links":{"self":[{"href":"https:\/\/sivab.com\/de\/wp-json\/wp\/v2\/pages\/911","targetHints":{"allow":["GET"]}}],"collection":[{"href":"https:\/\/sivab.com\/de\/wp-json\/wp\/v2\/pages"}],"about":[{"href":"https:\/\/sivab.com\/de\/wp-json\/wp\/v2\/types\/page"}],"author":[{"embeddable":true,"href":"https:\/\/sivab.com\/de\/wp-json\/wp\/v2\/users\/1"}],"replies":[{"embeddable":true,"href":"https:\/\/sivab.com\/de\/wp-json\/wp\/v2\/comments?post=911"}],"version-history":[{"count":7,"href":"https:\/\/sivab.com\/de\/wp-json\/wp\/v2\/pages\/911\/revisions"}],"predecessor-version":[{"id":918,"href":"https:\/\/sivab.com\/de\/wp-json\/wp\/v2\/pages\/911\/revisions\/918"}],"wp:attachment":[{"href":"https:\/\/sivab.com\/de\/wp-json\/wp\/v2\/media?parent=911"}],"curies":[{"name":"wp","href":"https:\/\/api.w.org\/{rel}","templated":true}]}}