{"id":1348,"date":"2024-02-02T14:59:40","date_gmt":"2024-02-02T14:59:40","guid":{"rendered":"https:\/\/sivab.com\/kontakt-os\/"},"modified":"2026-01-05T14:34:12","modified_gmt":"2026-01-05T14:34:12","slug":"kontakt-os","status":"publish","type":"page","link":"https:\/\/sivab.com\/da\/kontakt-os\/","title":{"rendered":"Kontakt os"},"content":{"rendered":"<p>[et_pb_section fb_built=&#8221;1&#8243; custom_padding_last_edited=&#8221;off|desktop&#8221; _builder_version=&#8221;4.24.0&#8243; _module_preset=&#8221;default&#8221; background_color=&#8221;#673C6C&#8221; use_background_color_gradient=&#8221;on&#8221; background_color_gradient_stops=&#8221;rgba(0,0,0,0.4) 0%|rgba(0,0,0,0.4) 100%&#8221; background_color_gradient_overlays_image=&#8221;on&#8221; background_enable_image=&#8221;off&#8221; custom_margin=&#8221;0px||0px||false|false&#8221; custom_padding=&#8221;||||false|false&#8221; custom_padding_tablet=&#8221;185px||180px||false|false&#8221; custom_padding_phone=&#8221;20px||20px||false|false&#8221; global_colors_info=&#8221;{}&#8221;][et_pb_row module_class=&#8221;applian-r-2-inlbtn-sc&#8221; _builder_version=&#8221;4.21.2&#8243; _module_preset=&#8221;default&#8221; width=&#8221;90%&#8221; max_width=&#8221;1110px&#8221; custom_margin=&#8221;0px||0px||false|false&#8221; custom_padding=&#8221;0px||0px||false|false&#8221; animation_style=&#8221;fade&#8221; animation_speed_curve=&#8221;ease&#8221; global_colors_info=&#8221;{}&#8221;][et_pb_column type=&#8221;4_4&#8243; _builder_version=&#8221;4.21.2&#8243; _module_preset=&#8221;default&#8221; global_colors_info=&#8221;{}&#8221;][et_pb_text _builder_version=&#8221;4.24.0&#8243; _dynamic_attributes=&#8221;content&#8221; _module_preset=&#8221;default&#8221; text_font=&#8221;|700|||||||&#8221; text_font_size=&#8221;46px&#8221; background_layout=&#8221;dark&#8221; text_font_size_tablet=&#8221;46px&#8221; text_font_size_phone=&#8221;30px&#8221; text_font_size_last_edited=&#8221;on|phone&#8221; global_colors_info=&#8221;{}&#8221;]@ET-DC@eyJkeW5hbWljIjp0cnVlLCJjb250ZW50IjoicG9zdF90aXRsZSIsInNldHRpbmdzIjp7ImJlZm9yZSI6IiIsImFmdGVyIjoiIiwiZW5hYmxlX2h0bWwiOiJvZmYifX0=@[\/et_pb_text][\/et_pb_column][\/et_pb_row][\/et_pb_section][et_pb_section fb_built=&#8221;1&#8243; custom_padding_last_edited=&#8221;on|phone&#8221; _builder_version=&#8221;4.21.2&#8243; _module_preset=&#8221;default&#8221; custom_margin=&#8221;0px||0px||false|false&#8221; custom_padding=&#8221;100px||4px||false|false&#8221; custom_padding_tablet=&#8221;227px||100px||false|false&#8221; custom_padding_phone=&#8221;217px||90px||false|false&#8221; global_colors_info=&#8221;{}&#8221;][et_pb_row use_custom_gutter=&#8221;on&#8221; gutter_width=&#8221;1&#8243; _builder_version=&#8221;4.21.2&#8243; _module_preset=&#8221;default&#8221; width=&#8221;90%&#8221; max_width=&#8221;1110px&#8221; custom_margin=&#8221;0px||0px||false|false&#8221; custom_padding=&#8221;0px||0px||false|false&#8221; animation_style=&#8221;fade&#8221; animation_delay=&#8221;500ms&#8221; animation_speed_curve=&#8221;ease&#8221; global_colors_info=&#8221;{}&#8221;][et_pb_column type=&#8221;4_4&#8243; _builder_version=&#8221;4.21.2&#8243; _module_preset=&#8221;default&#8221; global_colors_info=&#8221;{}&#8221;][et_pb_text _builder_version=&#8221;4.24.0&#8243; _module_preset=&#8221;default&#8221; text_font=&#8221;Roboto Flex||||||||&#8221; text_text_color=&#8221;#000000&#8243; text_font_size=&#8221;16px&#8221; text_line_height=&#8221;1.3em&#8221; custom_margin=&#8221;6px||46px||false|false&#8221; custom_margin_tablet=&#8221;6px||46px||false|false&#8221; custom_margin_phone=&#8221;6px||35px||false|false&#8221; custom_margin_last_edited=&#8221;on|phone&#8221; custom_padding=&#8221;16px||0px||false|false&#8221; border_width_top=&#8221;3px&#8221; border_color_top=&#8221;#f2f2f2&#8243; global_colors_info=&#8221;{}&#8221;]<\/p>\n<p><iframe src=\"https:\/\/www.google.com\/maps\/embed?pb=!1m14!1m8!1m3!1d4265.4141687704205!2d14.465775000000002!3d57.687456000000005!3m2!1i1024!2i768!4f13.1!3m3!1m2!1s0x465a0faf47493755%3A0xcc8721b512d223db!2sSIVAB%2C%20Simonssons%20Verktygsteknik%20AB!5e0!3m2!1ssv!2sus!4v1707141229841!5m2!1ssv!2sus\" width=\"100%\" height=\"450\" style=\"border: 0;\" allowfullscreen=\"\" loading=\"lazy\" referrerpolicy=\"no-referrer-when-downgrade\"><\/iframe><\/p>\n<p>[\/et_pb_text][\/et_pb_column][\/et_pb_row][et_pb_row column_structure=&#8221;1_2,1_2&#8243; use_custom_gutter=&#8221;on&#8221; gutter_width=&#8221;1&#8243; _builder_version=&#8221;4.21.2&#8243; _module_preset=&#8221;default&#8221; width=&#8221;90%&#8221; max_width=&#8221;1110px&#8221; custom_margin=&#8221;0px||0px||false|false&#8221; custom_padding=&#8221;0px||0px||false|false&#8221; animation_style=&#8221;fade&#8221; animation_delay=&#8221;500ms&#8221; animation_speed_curve=&#8221;ease&#8221; global_colors_info=&#8221;{}&#8221;][et_pb_column type=&#8221;1_2&#8243; _builder_version=&#8221;4.21.2&#8243; _module_preset=&#8221;default&#8221; global_colors_info=&#8221;{}&#8221;][et_pb_text _builder_version=&#8221;4.24.0&#8243; _module_preset=&#8221;default&#8221; text_font=&#8221;Roboto Flex||||||||&#8221; text_text_color=&#8221;#000000&#8243; text_font_size=&#8221;16px&#8221; text_line_height=&#8221;1.3em&#8221; custom_margin=&#8221;0px||21px||false|false&#8221; custom_margin_tablet=&#8221;0px||55px||false|false&#8221; custom_margin_phone=&#8221;0px||35px||false|false&#8221; custom_margin_last_edited=&#8221;on|phone&#8221; custom_padding=&#8221;0px||0px||false|false&#8221; global_colors_info=&#8221;{}&#8221;]<\/p>\n<h3><strong>Kontaktoplysninger<\/strong><\/h3>\n<p>Vores personale er vores vigtigste aktiv! Med s\u00e5dan et team f\u00f8les ingen udfordring for stor. Vi har flere hundrede \u00e5rs samlet erfaring inden for v\u00e6rkt\u00f8jsfremstilling, og vores ekspertise sp\u00e6nder over hele feltet, fra salg og design til fremstilling og m\u00e5ling.   <\/p>\n<p>Dette samarbejde skaber de v\u00e6rdier, som Sivab-brandet st\u00e5r for: faglig stolthed, en f\u00f8lelse af ansvar og en v\u00e6gt p\u00e5 kvalitet i enhver beslutning og enhver detalje.<\/p>\n<p>[\/et_pb_text][et_pb_blurb use_icon=&#8221;on&#8221; font_icon=&#8221;&#xe074;||divi||400&#8243; icon_color=&#8221;#673C6C&#8221; icon_placement=&#8221;left&#8221; _builder_version=&#8221;4.24.0&#8243; _module_preset=&#8221;default&#8221; custom_padding=&#8221;||25px||false|false&#8221; global_colors_info=&#8221;{}&#8221;]<\/p>\n<p>Stenserydsv\u00e4gen 4, S-571 78 Forserum<\/p>\n<p>[\/et_pb_blurb][et_pb_blurb use_icon=&#8221;on&#8221; font_icon=&#8221;&#xe00b;||divi||400&#8243; icon_color=&#8221;#673C6C&#8221; icon_placement=&#8221;left&#8221; _builder_version=&#8221;4.24.0&#8243; _module_preset=&#8221;default&#8221; custom_padding=&#8221;||25px||false|false&#8221; link_option_url=&#8221;tel:+4636396680&#8243; global_colors_info=&#8221;{}&#8221;]<\/p>\n<p>+46 (0)36-39 66 80<\/p>\n<p>[\/et_pb_blurb][et_pb_blurb use_icon=&#8221;on&#8221; font_icon=&#8221;&#xf0e0;||fa||400&#8243; icon_color=&#8221;#673C6C&#8221; icon_placement=&#8221;left&#8221; _builder_version=&#8221;4.24.0&#8243; _module_preset=&#8221;default&#8221; custom_padding=&#8221;||25px||false|false&#8221; link_option_url=&#8221;mailto:info@sivab.com&#8221; global_colors_info=&#8221;{}&#8221;]<\/p>\n<p><strong><\/strong>info@sivab.com<\/p>\n<p>[\/et_pb_blurb][\/et_pb_column][et_pb_column type=&#8221;1_2&#8243; _builder_version=&#8221;4.21.2&#8243; _module_preset=&#8221;default&#8221; custom_padding=&#8221;|||15px|false|false&#8221; custom_padding_tablet=&#8221;|||0px|false|false&#8221; custom_padding_phone=&#8221;|||0px|false|false&#8221; custom_padding_last_edited=&#8221;on|tablet&#8221; global_colors_info=&#8221;{}&#8221;][et_pb_contact_form use_spam_service=&#8221;on&#8221; recaptcha_list=&#8221;reCaptcha-0&#8243; email=&#8221;info@sivab.com&#8221; custom_message=&#8221;Meddelelse fra hjemmesiden||et_pb_line_break_holder||||et_pb_line_break_holder||%%Name%%||et_pb_line_break_holder||%%Email%%||et_pb_line_break_holder||%%Message%%&#8221; submit_button_text=&#8221;Send&#8221; _builder_version=&#8221;4.24.0&#8243; _module_preset=&#8221;default&#8221; _unique_id=&#8221;cf9abca8-c98a-4c25-8892-496a467cd04a&#8221; custom_padding=&#8221;30px||||false|false&#8221; global_colors_info=&#8221;{}&#8221;][et_pb_contact_field field_id=&#8221;Name&#8221; field_title=&#8221;Navn&#8221; _builder_version=&#8221;4.16&#8243; global_colors_info=&#8221;{}&#8221; button_text_size__hover_enabled=&#8221;off&#8221; button_one_text_size__hover_enabled=&#8221;off&#8221; button_two_text_size__hover_enabled=&#8221;off&#8221; button_text_color__hover_enabled=&#8221;off&#8221; button_one_text_color__hover_enabled=&#8221;off&#8221; button_two_text_color__hover_enabled=&#8221;off&#8221; button_border_width__hover_enabled=&#8221;off&#8221; button_one_border_width__hover_enabled=&#8221;off&#8221; button_two_border_width__hover_enabled=&#8221;off&#8221; button_border_color__hover_enabled=&#8221;off&#8221; button_one_border_color__hover_enabled=&#8221;off&#8221; button_two_border_color__hover_enabled=&#8221;off&#8221; button_border_radius__hover_enabled=&#8221;off&#8221; button_one_border_radius__hover_enabled=&#8221;off&#8221; button_two_border_radius__hover_enabled=&#8221;off&#8221; button_letter_spacing__hover_enabled=&#8221;off&#8221; button_one_letter_spacing__hover_enabled=&#8221;off&#8221; button_two_letter_spacing__hover_enabled=&#8221;off&#8221; button_bg_color__hover_enabled=&#8221;off&#8221; button_one_bg_color__hover_enabled=&#8221;off&#8221; button_two_bg_color__hover_enabled=&#8221;off&#8221;][\/et_pb_contact_field][et_pb_contact_field field_id=&#8221;Email&#8221; field_title=&#8221;E-mailadresse&#8221; field_type=&#8221;email&#8221; _builder_version=&#8221;4.16&#8243; global_colors_info=&#8221;{}&#8221; button_text_size__hover_enabled=&#8221;off&#8221; button_one_text_size__hover_enabled=&#8221;off&#8221; button_two_text_size__hover_enabled=&#8221;off&#8221; button_text_color__hover_enabled=&#8221;off&#8221; button_one_text_color__hover_enabled=&#8221;off&#8221; button_two_text_color__hover_enabled=&#8221;off&#8221; button_border_width__hover_enabled=&#8221;off&#8221; button_one_border_width__hover_enabled=&#8221;off&#8221; button_two_border_width__hover_enabled=&#8221;off&#8221; button_border_color__hover_enabled=&#8221;off&#8221; button_one_border_color__hover_enabled=&#8221;off&#8221; button_two_border_color__hover_enabled=&#8221;off&#8221; button_border_radius__hover_enabled=&#8221;off&#8221; button_one_border_radius__hover_enabled=&#8221;off&#8221; button_two_border_radius__hover_enabled=&#8221;off&#8221; button_letter_spacing__hover_enabled=&#8221;off&#8221; button_one_letter_spacing__hover_enabled=&#8221;off&#8221; button_two_letter_spacing__hover_enabled=&#8221;off&#8221; button_bg_color__hover_enabled=&#8221;off&#8221; button_one_bg_color__hover_enabled=&#8221;off&#8221; button_two_bg_color__hover_enabled=&#8221;off&#8221;][\/et_pb_contact_field][et_pb_contact_field field_id=&#8221;Message&#8221; field_title=&#8221;Besked&#8221; field_type=&#8221;text&#8221; fullwidth_field=&#8221;on&#8221; _builder_version=&#8221;4.16&#8243; global_colors_info=&#8221;{}&#8221; button_text_size__hover_enabled=&#8221;off&#8221; button_one_text_size__hover_enabled=&#8221;off&#8221; button_two_text_size__hover_enabled=&#8221;off&#8221; button_text_color__hover_enabled=&#8221;off&#8221; button_one_text_color__hover_enabled=&#8221;off&#8221; button_two_text_color__hover_enabled=&#8221;off&#8221; button_border_width__hover_enabled=&#8221;off&#8221; button_one_border_width__hover_enabled=&#8221;off&#8221; button_two_border_width__hover_enabled=&#8221;off&#8221; button_border_color__hover_enabled=&#8221;off&#8221; button_one_border_color__hover_enabled=&#8221;off&#8221; button_two_border_color__hover_enabled=&#8221;off&#8221; button_border_radius__hover_enabled=&#8221;off&#8221; button_one_border_radius__hover_enabled=&#8221;off&#8221; button_two_border_radius__hover_enabled=&#8221;off&#8221; button_letter_spacing__hover_enabled=&#8221;off&#8221; button_one_letter_spacing__hover_enabled=&#8221;off&#8221; button_two_letter_spacing__hover_enabled=&#8221;off&#8221; button_bg_color__hover_enabled=&#8221;off&#8221; button_one_bg_color__hover_enabled=&#8221;off&#8221; button_two_bg_color__hover_enabled=&#8221;off&#8221;][\/et_pb_contact_field][\/et_pb_contact_form][\/et_pb_column][\/et_pb_row][et_pb_row column_structure=&#8221;1_3,1_3,1_3&#8243; _builder_version=&#8221;4.24.0&#8243; _module_preset=&#8221;default&#8221; global_colors_info=&#8221;{}&#8221;][et_pb_column type=&#8221;1_3&#8243; _builder_version=&#8221;4.24.0&#8243; _module_preset=&#8221;default&#8221; global_colors_info=&#8221;{}&#8221;][et_pb_team_member name=&#8221;Tommy Simonsson&#8221; position=&#8221;CEO\/Marketingchef&#8221; image_url=&#8221;https:\/\/sivab.com\/wp-content\/uploads\/2024\/03\/Tommy_simonsson.jpg&#8221; _builder_version=&#8221;4.24.0&#8243; _module_preset=&#8221;default&#8221; text_orientation=&#8221;center&#8221; module_alignment_tablet=&#8221;center&#8221; module_alignment_phone=&#8221;center&#8221; module_alignment_last_edited=&#8221;on|desktop&#8221; global_colors_info=&#8221;{}&#8221; custom_css_member_image_last_edited=&#8221;on|tablet&#8221; custom_css_member_image_tablet=&#8221;margin:auto;||padding-bottom:10px;&#8221; custom_css_member_image_phone=&#8221;margin:auto;||padding-bottom:10px;&#8221;]<\/p>\n<p><a href=\"tel:+4636396681\">+46 (0)36-39 66 81<\/a><br \/><a href=\"mailto:tommy.simonsson@sivab.com\">tommy.simonsson@sivab.com<\/a><\/p>\n<p>[\/et_pb_team_member][\/et_pb_column][et_pb_column type=&#8221;1_3&#8243; _builder_version=&#8221;4.24.0&#8243; _module_preset=&#8221;default&#8221; global_colors_info=&#8221;{}&#8221;][et_pb_team_member name=&#8221;Samuel Petersson&#8221; position=&#8221;Marked \/ Projekt&#8221; image_url=&#8221;https:\/\/sivab.com\/wp-content\/uploads\/2024\/03\/Simon_Petersson.jpg&#8221; _builder_version=&#8221;4.24.0&#8243; _module_preset=&#8221;default&#8221; text_orientation=&#8221;center&#8221; custom_css_member_image=&#8221;margin:auto;||padding-bottom:10px;&#8221; global_colors_info=&#8221;{}&#8221;]<\/p>\n<p><a href=\"tel:+4636396686\">+46 (0)36-39 66 86<\/a><br \/><a href=\"mailto:samuel.petersson@sivab.com\">samuel.petersson@sivab.com<\/a><\/p>\n<p>[\/et_pb_team_member][\/et_pb_column][et_pb_column type=&#8221;1_3&#8243; _builder_version=&#8221;4.24.0&#8243; _module_preset=&#8221;default&#8221; global_colors_info=&#8221;{}&#8221;][et_pb_team_member name=&#8221;Sven Wadsten&#8221; position=&#8221;Teamleder Montage \/ Fragter&#8221; image_url=&#8221;https:\/\/sivab.com\/wp-content\/uploads\/2024\/03\/Sven_wadsten_ny2.webp&#8221; _builder_version=&#8221;4.24.0&#8243; _module_preset=&#8221;default&#8221; text_orientation=&#8221;center&#8221; custom_css_member_image=&#8221;margin:auto;||padding-bottom:10px;&#8221; global_colors_info=&#8221;{}&#8221;]<\/p>\n<p><a href=\"tel:+46739522986\">+46 (0)739 52 29 86<\/a><br \/><a href=\"mailto:sven.wadsten@sivab.com\">sven.wadsten@sivab.com<\/a><\/p>\n<p>[\/et_pb_team_member][\/et_pb_column][\/et_pb_row][et_pb_row column_structure=&#8221;1_3,1_3,1_3&#8243; _builder_version=&#8221;4.24.0&#8243; _module_preset=&#8221;default&#8221; global_colors_info=&#8221;{}&#8221;][et_pb_column type=&#8221;1_3&#8243; _builder_version=&#8221;4.24.0&#8243; _module_preset=&#8221;default&#8221; global_colors_info=&#8221;{}&#8221;][et_pb_team_member name=&#8221;Joakim Johansson&#8221; position=&#8221;Teamleder NC-Gruppe&#8221; image_url=&#8221;https:\/\/sivab.com\/wp-content\/uploads\/2024\/03\/Joakim_johansson.jpg&#8221; _builder_version=&#8221;4.24.0&#8243; _module_preset=&#8221;default&#8221; text_orientation=&#8221;center&#8221; custom_css_member_image=&#8221;margin:auto;||padding-bottom:10px;&#8221; global_colors_info=&#8221;{}&#8221;]<\/p>\n<p><a href=\"tel:+46704976044\">+46 (0)704-97 60 44<\/a><br \/><a href=\"mailto:joakim.johansson@sivab.com\">joakim.johansson@sivab.com<\/a><\/p>\n<p>[\/et_pb_team_member][\/et_pb_column][et_pb_column type=&#8221;1_3&#8243; _builder_version=&#8221;4.24.0&#8243; _module_preset=&#8221;default&#8221; global_colors_info=&#8221;{}&#8221;][et_pb_team_member name=&#8221;Martin Simonsson&#8221; position=&#8221;Indk\u00f8b \/ Wire EDM&#8221; image_url=&#8221;https:\/\/sivab.com\/wp-content\/uploads\/2024\/03\/Martin_simonsson.jpg&#8221; _builder_version=&#8221;4.24.0&#8243; _module_preset=&#8221;default&#8221; text_orientation=&#8221;center&#8221; custom_css_member_image=&#8221;margin:auto;||padding-bottom:10px;&#8221; global_colors_info=&#8221;{}&#8221;]<\/p>\n<p><a href=\"tel:+46738017375\">+46 (0)73- 801 73 75<\/a><br \/><a href=\"mailto:martin.simonsson@sivab.com\">martin.simonsson@sivab.com<\/a><\/p>\n<p>[\/et_pb_team_member][\/et_pb_column][et_pb_column type=&#8221;1_3&#8243; _builder_version=&#8221;4.24.0&#8243; _module_preset=&#8221;default&#8221; global_colors_info=&#8221;{}&#8221;][et_pb_team_member name=&#8221;Anneli Simonsson&#8221; position=&#8221;\u00d8konomi&#8221; image_url=&#8221;https:\/\/sivab.com\/wp-content\/uploads\/2024\/03\/Anneli_Simonsson.jpg&#8221; _builder_version=&#8221;4.24.0&#8243; _module_preset=&#8221;default&#8221; text_orientation=&#8221;center&#8221; custom_css_member_image=&#8221;margin:auto;||padding-bottom:10px;&#8221; global_colors_info=&#8221;{}&#8221;]<\/p>\n<p><a href=\"tel:+4636396688\">+46 (0)36-39 66 88<\/a><br \/><a href=\"mailto:anneli.simonsson@sivab.com\">anneli.simonsson@sivab.com<\/a><\/p>\n<p>[\/et_pb_team_member][\/et_pb_column][\/et_pb_row][\/et_pb_section]<\/p>\n","protected":false},"excerpt":{"rendered":"<p>Kontaktoplysninger Vores personale er vores vigtigste aktiv! Med s\u00e5dan et team f\u00f8les ingen udfordring for stor. Vi har flere hundrede \u00e5rs samlet erfaring inden for v\u00e6rkt\u00f8jsfremstilling, og vores ekspertise sp\u00e6nder over hele feltet, fra salg og design til fremstilling og m\u00e5ling. Dette samarbejde skaber de v\u00e6rdier, som Sivab-brandet st\u00e5r for: faglig stolthed, en f\u00f8lelse af [&hellip;]<\/p>\n","protected":false},"author":1,"featured_media":0,"parent":0,"menu_order":0,"comment_status":"closed","ping_status":"closed","template":"","meta":{"_et_pb_use_builder":"on","_et_pb_old_content":"","_et_gb_content_width":"","footnotes":""},"class_list":["post-1348","page","type-page","status-publish","hentry"],"yoast_head":"<!-- This site is optimized with the Yoast SEO plugin v26.8 - https:\/\/yoast.com\/product\/yoast-seo-wordpress\/ -->\n<title>Kontakt os - SIVAB<\/title>\n<meta name=\"robots\" content=\"index, follow, max-snippet:-1, max-image-preview:large, max-video-preview:-1\" \/>\n<link rel=\"canonical\" href=\"https:\/\/sivab.com\/da\/kontakt-os\/\" \/>\n<meta property=\"og:locale\" content=\"da_DK\" \/>\n<meta property=\"og:type\" content=\"article\" \/>\n<meta property=\"og:title\" content=\"Kontakt os - SIVAB\" \/>\n<meta property=\"og:description\" content=\"Kontaktoplysninger Vores personale er vores vigtigste aktiv! Med s\u00e5dan et team f\u00f8les ingen udfordring for stor. Vi har flere hundrede \u00e5rs samlet erfaring inden for v\u00e6rkt\u00f8jsfremstilling, og vores ekspertise sp\u00e6nder over hele feltet, fra salg og design til fremstilling og m\u00e5ling. Dette samarbejde skaber de v\u00e6rdier, som Sivab-brandet st\u00e5r for: faglig stolthed, en f\u00f8lelse af [&hellip;]\" \/>\n<meta property=\"og:url\" content=\"https:\/\/sivab.com\/da\/kontakt-os\/\" \/>\n<meta property=\"og:site_name\" content=\"SIVAB\" \/>\n<meta property=\"article:modified_time\" content=\"2026-01-05T14:34:12+00:00\" \/>\n<meta name=\"twitter:card\" content=\"summary_large_image\" \/>\n<meta name=\"twitter:label1\" content=\"Estimeret l\u00e6setid\" \/>\n\t<meta name=\"twitter:data1\" content=\"9 minutter\" \/>\n<script type=\"application\/ld+json\" class=\"yoast-schema-graph\">{\"@context\":\"https:\/\/schema.org\",\"@graph\":[{\"@type\":\"WebPage\",\"@id\":\"https:\/\/sivab.com\/da\/kontakt-os\/\",\"url\":\"https:\/\/sivab.com\/da\/kontakt-os\/\",\"name\":\"Kontakt os - SIVAB\",\"isPartOf\":{\"@id\":\"https:\/\/sivab.com\/da\/#website\"},\"datePublished\":\"2024-02-02T14:59:40+00:00\",\"dateModified\":\"2026-01-05T14:34:12+00:00\",\"breadcrumb\":{\"@id\":\"https:\/\/sivab.com\/da\/kontakt-os\/#breadcrumb\"},\"inLanguage\":\"da-DK\",\"potentialAction\":[{\"@type\":\"ReadAction\",\"target\":[\"https:\/\/sivab.com\/da\/kontakt-os\/\"]}]},{\"@type\":\"BreadcrumbList\",\"@id\":\"https:\/\/sivab.com\/da\/kontakt-os\/#breadcrumb\",\"itemListElement\":[{\"@type\":\"ListItem\",\"position\":1,\"name\":\"Hem\",\"item\":\"https:\/\/sivab.com\/da\/hjem\/\"},{\"@type\":\"ListItem\",\"position\":2,\"name\":\"Kontakt os\"}]},{\"@type\":\"WebSite\",\"@id\":\"https:\/\/sivab.com\/da\/#website\",\"url\":\"https:\/\/sivab.com\/da\/\",\"name\":\"SIVAB\",\"description\":\"Hundra \u00e5rs samlad erfarenhet av verktygstillverkning\",\"potentialAction\":[{\"@type\":\"SearchAction\",\"target\":{\"@type\":\"EntryPoint\",\"urlTemplate\":\"https:\/\/sivab.com\/da\/?s={search_term_string}\"},\"query-input\":{\"@type\":\"PropertyValueSpecification\",\"valueRequired\":true,\"valueName\":\"search_term_string\"}}],\"inLanguage\":\"da-DK\"}]}<\/script>\n<!-- \/ Yoast SEO plugin. -->","yoast_head_json":{"title":"Kontakt os - SIVAB","robots":{"index":"index","follow":"follow","max-snippet":"max-snippet:-1","max-image-preview":"max-image-preview:large","max-video-preview":"max-video-preview:-1"},"canonical":"https:\/\/sivab.com\/da\/kontakt-os\/","og_locale":"da_DK","og_type":"article","og_title":"Kontakt os - SIVAB","og_description":"Kontaktoplysninger Vores personale er vores vigtigste aktiv! Med s\u00e5dan et team f\u00f8les ingen udfordring for stor. Vi har flere hundrede \u00e5rs samlet erfaring inden for v\u00e6rkt\u00f8jsfremstilling, og vores ekspertise sp\u00e6nder over hele feltet, fra salg og design til fremstilling og m\u00e5ling. Dette samarbejde skaber de v\u00e6rdier, som Sivab-brandet st\u00e5r for: faglig stolthed, en f\u00f8lelse af [&hellip;]","og_url":"https:\/\/sivab.com\/da\/kontakt-os\/","og_site_name":"SIVAB","article_modified_time":"2026-01-05T14:34:12+00:00","twitter_card":"summary_large_image","twitter_misc":{"Estimeret l\u00e6setid":"9 minutter"},"schema":{"@context":"https:\/\/schema.org","@graph":[{"@type":"WebPage","@id":"https:\/\/sivab.com\/da\/kontakt-os\/","url":"https:\/\/sivab.com\/da\/kontakt-os\/","name":"Kontakt os - SIVAB","isPartOf":{"@id":"https:\/\/sivab.com\/da\/#website"},"datePublished":"2024-02-02T14:59:40+00:00","dateModified":"2026-01-05T14:34:12+00:00","breadcrumb":{"@id":"https:\/\/sivab.com\/da\/kontakt-os\/#breadcrumb"},"inLanguage":"da-DK","potentialAction":[{"@type":"ReadAction","target":["https:\/\/sivab.com\/da\/kontakt-os\/"]}]},{"@type":"BreadcrumbList","@id":"https:\/\/sivab.com\/da\/kontakt-os\/#breadcrumb","itemListElement":[{"@type":"ListItem","position":1,"name":"Hem","item":"https:\/\/sivab.com\/da\/hjem\/"},{"@type":"ListItem","position":2,"name":"Kontakt os"}]},{"@type":"WebSite","@id":"https:\/\/sivab.com\/da\/#website","url":"https:\/\/sivab.com\/da\/","name":"SIVAB","description":"Hundra \u00e5rs samlad erfarenhet av verktygstillverkning","potentialAction":[{"@type":"SearchAction","target":{"@type":"EntryPoint","urlTemplate":"https:\/\/sivab.com\/da\/?s={search_term_string}"},"query-input":{"@type":"PropertyValueSpecification","valueRequired":true,"valueName":"search_term_string"}}],"inLanguage":"da-DK"}]}},"_links":{"self":[{"href":"https:\/\/sivab.com\/da\/wp-json\/wp\/v2\/pages\/1348","targetHints":{"allow":["GET"]}}],"collection":[{"href":"https:\/\/sivab.com\/da\/wp-json\/wp\/v2\/pages"}],"about":[{"href":"https:\/\/sivab.com\/da\/wp-json\/wp\/v2\/types\/page"}],"author":[{"embeddable":true,"href":"https:\/\/sivab.com\/da\/wp-json\/wp\/v2\/users\/1"}],"replies":[{"embeddable":true,"href":"https:\/\/sivab.com\/da\/wp-json\/wp\/v2\/comments?post=1348"}],"version-history":[{"count":2,"href":"https:\/\/sivab.com\/da\/wp-json\/wp\/v2\/pages\/1348\/revisions"}],"predecessor-version":[{"id":1350,"href":"https:\/\/sivab.com\/da\/wp-json\/wp\/v2\/pages\/1348\/revisions\/1350"}],"wp:attachment":[{"href":"https:\/\/sivab.com\/da\/wp-json\/wp\/v2\/media?parent=1348"}],"curies":[{"name":"wp","href":"https:\/\/api.w.org\/{rel}","templated":true}]}}